{"id":1052,"date":"2025-09-18T19:48:48","date_gmt":"2025-09-18T22:48:48","guid":{"rendered":"https:\/\/santoslimaadv.com.br\/?page_id=1052"},"modified":"2025-10-13T10:33:14","modified_gmt":"2025-10-13T13:33:14","slug":"areas-de-atuacao","status":"publish","type":"page","link":"https:\/\/santoslimaadv.com.br\/index.php\/areas-de-atuacao\/","title":{"rendered":"\u00c1reas de Atua\u00e7\u00e3o"},"content":{"rendered":"\t\t<div data-elementor-type=\"wp-post\" data-elementor-id=\"1052\" class=\"elementor elementor-1052\" data-elementor-post-type=\"page\">\n\t\t\t\t<div class=\"elementor-element elementor-element-48e34ad e-flex e-con-boxed e-con e-parent\" data-id=\"48e34ad\" data-element_type=\"container\" data-settings=\"{&quot;background_background&quot;:&quot;video&quot;,&quot;background_video_link&quot;:&quot;https:\\\/\\\/santoslimaadv.com.br\\\/wp-content\\\/uploads\\\/2025\\\/09\\\/0_Office_Desk_1280x720.mp4&quot;,&quot;background_video_start&quot;:0,&quot;background_video_end&quot;:70,&quot;background_play_on_mobile&quot;:&quot;yes&quot;,&quot;background_privacy_mode&quot;:&quot;yes&quot;}\">\n\t\t\t\t\t<div class=\"e-con-inner\">\n\t\t<div class=\"elementor-background-video-container\">\n\t\t\t\t\t\t\t<video class=\"elementor-background-video-hosted elementor-html5-video\" autoplay muted playsinline loop><\/video>\n\t\t\t\t\t<\/div><div class=\"elementor-element elementor-element-3e0b5834 e-con-full e-flex e-con e-child\" data-id=\"3e0b5834\" data-element_type=\"container\">\n\t\t\t\t<div class=\"elementor-element elementor-element-20e4cae9 elementor-headline--style-rotate elementor-widget elementor-widget-animated-headline\" data-id=\"20e4cae9\" data-element_type=\"widget\" data-settings=\"{&quot;headline_style&quot;:&quot;rotate&quot;,&quot;animation_type&quot;:&quot;slide&quot;,&quot;loop&quot;:&quot;yes&quot;,&quot;rotate_iteration_delay&quot;:2500}\" data-widget_type=\"animated-headline.default\">\n\t\t\t\t<div class=\"elementor-widget-container\">\n\t\t\t\t\t<h3 class=\"elementor-headline elementor-headline-animation-type-slide\">\n\t\t\t\t\t<span class=\"elementor-headline-plain-text elementor-headline-text-wrapper\">\u00c1reas de Atua\u00e7\u00e3o<\/span>\n\t\t\t\t<span class=\"elementor-headline-dynamic-wrapper elementor-headline-text-wrapper\">\n\t\t\t\t<\/span>\n\t\t\t\t<\/h3>\n\t\t\t\t<\/div>\n\t\t\t\t<\/div>\n\t\t\t\t<\/div>\n\t\t\t\t\t<\/div>\n\t\t\t\t<\/div>\n\t\t<div class=\"elementor-element elementor-element-4998687 e-flex e-con-boxed e-con e-parent\" data-id=\"4998687\" data-element_type=\"container\" data-settings=\"{&quot;background_background&quot;:&quot;classic&quot;}\">\n\t\t\t\t\t<div class=\"e-con-inner\">\n\t\t<div class=\"elementor-element elementor-element-cb4ca4a e-con-full e-flex e-con e-child\" data-id=\"cb4ca4a\" data-element_type=\"container\">\n\t\t<div class=\"elementor-element elementor-element-fff1945 e-flex e-con-boxed e-con e-child\" data-id=\"fff1945\" data-element_type=\"container\">\n\t\t\t\t\t<div class=\"e-con-inner\">\n\t\t<div class=\"elementor-element elementor-element-b21fd8a e-con-full e-flex e-con e-child\" data-id=\"b21fd8a\" data-element_type=\"container\" data-settings=\"{&quot;background_background&quot;:&quot;classic&quot;}\">\n\t\t\t\t<div class=\"elementor-element elementor-element-dd55672 elementor-position-top elementor-widget elementor-widget-image-box\" data-id=\"dd55672\" data-element_type=\"widget\" data-widget_type=\"image-box.default\">\n\t\t\t\t<div class=\"elementor-widget-container\">\n\t\t\t<div class=\"elementor-image-box-wrapper\"><figure class=\"elementor-image-box-img\"><img fetchpriority=\"high\" decoding=\"async\" width=\"2560\" height=\"1709\" src=\"https:\/\/santoslimaadv.com.br\/wp-content\/uploads\/2025\/08\/entregador-no-documento-de-assinatura-carro-scaled.jpg\" class=\"attachment-full size-full wp-image-1054\" alt=\"\" style=\"width:100%;height:66.76%;max-width:2560px\" srcset=\"https:\/\/santoslimaadv.com.br\/wp-content\/uploads\/2025\/08\/entregador-no-documento-de-assinatura-carro-scaled.jpg 2560w, https:\/\/santoslimaadv.com.br\/wp-content\/uploads\/2025\/08\/entregador-no-documento-de-assinatura-carro-300x200.jpg 300w, https:\/\/santoslimaadv.com.br\/wp-content\/uploads\/2025\/08\/entregador-no-documento-de-assinatura-carro-1024x683.jpg 1024w, https:\/\/santoslimaadv.com.br\/wp-content\/uploads\/2025\/08\/entregador-no-documento-de-assinatura-carro-768x513.jpg 768w, https:\/\/santoslimaadv.com.br\/wp-content\/uploads\/2025\/08\/entregador-no-documento-de-assinatura-carro-1536x1025.jpg 1536w, https:\/\/santoslimaadv.com.br\/wp-content\/uploads\/2025\/08\/entregador-no-documento-de-assinatura-carro-2048x1367.jpg 2048w, https:\/\/santoslimaadv.com.br\/wp-content\/uploads\/2025\/08\/entregador-no-documento-de-assinatura-carro-1568x1046.jpg 1568w\" sizes=\"(max-width: 2560px) 100vw, 2560px\" \/><\/figure><div class=\"elementor-image-box-content\"><h3 class=\"elementor-image-box-title\"> Defenda Sua CNH e Evite Penalidades Excessivas<\/h3><p class=\"elementor-image-box-description\">Se voc\u00ea recebeu uma multa ou est\u00e1 prestes a perder pontos na CNH, saiba que existem meios legais de defesa. O acompanhamento jur\u00eddico adequado pode evitar a suspens\u00e3o ou cassa\u00e7\u00e3o do documento e garantir que seus direitos sejam respeitados no processo administrativo.<\/p><\/div><\/div>\t\t<\/div>\n\t\t\t\t<\/div>\n\t\t\t\t<div class=\"elementor-element elementor-element-019a96d elementor-align-center elementor-widget elementor-widget-button\" data-id=\"019a96d\" data-element_type=\"widget\" data-widget_type=\"button.default\">\n\t\t\t\t<div class=\"elementor-widget-container\">\n\t\t\t\t\t\t\t<div class=\"elementor-button-wrapper\">\n\t\t\t\t\t<a class=\"elementor-button elementor-button-link elementor-size-sm\" href=\"https:\/\/santoslimaadv.com.br\/index.php\/defenda-sua-cnh-e-evite-penalidades-excessivas\/\">\n\t\t\t\t\t\t<span class=\"elementor-button-content-wrapper\">\n\t\t\t\t\t\t<span class=\"elementor-button-icon\">\n\t\t\t\t<svg aria-hidden=\"true\" class=\"e-font-icon-svg e-fas-long-arrow-alt-right\" viewBox=\"0 0 448 512\" xmlns=\"http:\/\/www.w3.org\/2000\/svg\"><path d=\"M313.941 216H12c-6.627 0-12 5.373-12 12v56c0 6.627 5.373 12 12 12h301.941v46.059c0 21.382 25.851 32.09 40.971 16.971l86.059-86.059c9.373-9.373 9.373-24.569 0-33.941l-86.059-86.059c-15.119-15.119-40.971-4.411-40.971 16.971V216z\"><\/path><\/svg>\t\t\t<\/span>\n\t\t\t\t\t\t\t\t\t<span class=\"elementor-button-text\">Saiba mais<\/span>\n\t\t\t\t\t<\/span>\n\t\t\t\t\t<\/a>\n\t\t\t\t<\/div>\n\t\t\t\t\t\t<\/div>\n\t\t\t\t<\/div>\n\t\t\t\t<\/div>\n\t\t<div class=\"elementor-element elementor-element-f72df85 e-con-full e-flex e-con e-child\" data-id=\"f72df85\" data-element_type=\"container\" data-settings=\"{&quot;background_background&quot;:&quot;classic&quot;}\">\n\t\t\t\t<div class=\"elementor-element elementor-element-866d68e elementor-position-top elementor-widget elementor-widget-image-box\" data-id=\"866d68e\" data-element_type=\"widget\" data-widget_type=\"image-box.default\">\n\t\t\t\t<div class=\"elementor-widget-container\">\n\t\t\t<div class=\"elementor-image-box-wrapper\"><figure class=\"elementor-image-box-img\"><img decoding=\"async\" width=\"2560\" height=\"1707\" src=\"https:\/\/santoslimaadv.com.br\/wp-content\/uploads\/2025\/07\/equipe-de-papel-de-negocios-equipe-executiva-de-cooperacao-scaled.jpg\" class=\"attachment-full size-full wp-image-828\" alt=\"\" style=\"width:100%;height:66.68%;max-width:2560px\" srcset=\"https:\/\/santoslimaadv.com.br\/wp-content\/uploads\/2025\/07\/equipe-de-papel-de-negocios-equipe-executiva-de-cooperacao-scaled.jpg 2560w, https:\/\/santoslimaadv.com.br\/wp-content\/uploads\/2025\/07\/equipe-de-papel-de-negocios-equipe-executiva-de-cooperacao-300x200.jpg 300w, https:\/\/santoslimaadv.com.br\/wp-content\/uploads\/2025\/07\/equipe-de-papel-de-negocios-equipe-executiva-de-cooperacao-1024x683.jpg 1024w, https:\/\/santoslimaadv.com.br\/wp-content\/uploads\/2025\/07\/equipe-de-papel-de-negocios-equipe-executiva-de-cooperacao-768x512.jpg 768w, https:\/\/santoslimaadv.com.br\/wp-content\/uploads\/2025\/07\/equipe-de-papel-de-negocios-equipe-executiva-de-cooperacao-1536x1024.jpg 1536w, https:\/\/santoslimaadv.com.br\/wp-content\/uploads\/2025\/07\/equipe-de-papel-de-negocios-equipe-executiva-de-cooperacao-2048x1365.jpg 2048w, https:\/\/santoslimaadv.com.br\/wp-content\/uploads\/2025\/07\/equipe-de-papel-de-negocios-equipe-executiva-de-cooperacao-1568x1045.jpg 1568w\" sizes=\"(max-width: 2560px) 100vw, 2560px\" \/><\/figure><div class=\"elementor-image-box-content\"><h3 class=\"elementor-image-box-title\">Seus Direitos Como Passageiro A\u00e9reo Devem Ser Respeitados<\/h3><p class=\"elementor-image-box-description\">Atrasos, cancelamentos, extravio de bagagem ou overbooking geram preju\u00edzos que n\u00e3o devem ficar sem resposta. O passageiro a\u00e9reo possui direitos previstos em lei, como indeniza\u00e7\u00e3o e assist\u00eancia adequada, e pode buscar repara\u00e7\u00e3o sempre que for prejudicado.<\/p><\/div><\/div>\t\t<\/div>\n\t\t\t\t<\/div>\n\t\t\t\t<div class=\"elementor-element elementor-element-73ffd20 elementor-align-center elementor-widget elementor-widget-button\" data-id=\"73ffd20\" data-element_type=\"widget\" data-widget_type=\"button.default\">\n\t\t\t\t<div class=\"elementor-widget-container\">\n\t\t\t\t\t\t\t<div class=\"elementor-button-wrapper\">\n\t\t\t\t\t<a class=\"elementor-button elementor-button-link elementor-size-sm\" href=\"https:\/\/santoslimaadv.com.br\/index.php\/seus-direitos-como-passageiro-aereo-devem-ser-respeitados\/\">\n\t\t\t\t\t\t<span class=\"elementor-button-content-wrapper\">\n\t\t\t\t\t\t<span class=\"elementor-button-icon\">\n\t\t\t\t<svg aria-hidden=\"true\" class=\"e-font-icon-svg e-fas-long-arrow-alt-right\" viewBox=\"0 0 448 512\" xmlns=\"http:\/\/www.w3.org\/2000\/svg\"><path d=\"M313.941 216H12c-6.627 0-12 5.373-12 12v56c0 6.627 5.373 12 12 12h301.941v46.059c0 21.382 25.851 32.09 40.971 16.971l86.059-86.059c9.373-9.373 9.373-24.569 0-33.941l-86.059-86.059c-15.119-15.119-40.971-4.411-40.971 16.971V216z\"><\/path><\/svg>\t\t\t<\/span>\n\t\t\t\t\t\t\t\t\t<span class=\"elementor-button-text\">Saiba mais<\/span>\n\t\t\t\t\t<\/span>\n\t\t\t\t\t<\/a>\n\t\t\t\t<\/div>\n\t\t\t\t\t\t<\/div>\n\t\t\t\t<\/div>\n\t\t\t\t<\/div>\n\t\t<div class=\"elementor-element elementor-element-787bb11 e-con-full e-flex e-con e-child\" data-id=\"787bb11\" data-element_type=\"container\" data-settings=\"{&quot;background_background&quot;:&quot;classic&quot;}\">\n\t\t\t\t<div class=\"elementor-element elementor-element-a769ab5 elementor-position-top elementor-widget elementor-widget-image-box\" data-id=\"a769ab5\" data-element_type=\"widget\" data-widget_type=\"image-box.default\">\n\t\t\t\t<div class=\"elementor-widget-container\">\n\t\t\t<div class=\"elementor-image-box-wrapper\"><figure class=\"elementor-image-box-img\"><img decoding=\"async\" width=\"2560\" height=\"1707\" src=\"https:\/\/santoslimaadv.com.br\/wp-content\/uploads\/2025\/07\/foto-recortada-de-um-homem-afro-americano-segurando-um-celular-em-uma-das-maos-e-um-cartao-de-credito-na-outra-scaled.jpg\" class=\"attachment-full size-full wp-image-829\" alt=\"\" style=\"width:100%;height:66.68%;max-width:2560px\" srcset=\"https:\/\/santoslimaadv.com.br\/wp-content\/uploads\/2025\/07\/foto-recortada-de-um-homem-afro-americano-segurando-um-celular-em-uma-das-maos-e-um-cartao-de-credito-na-outra-scaled.jpg 2560w, https:\/\/santoslimaadv.com.br\/wp-content\/uploads\/2025\/07\/foto-recortada-de-um-homem-afro-americano-segurando-um-celular-em-uma-das-maos-e-um-cartao-de-credito-na-outra-300x200.jpg 300w, https:\/\/santoslimaadv.com.br\/wp-content\/uploads\/2025\/07\/foto-recortada-de-um-homem-afro-americano-segurando-um-celular-em-uma-das-maos-e-um-cartao-de-credito-na-outra-1024x683.jpg 1024w, https:\/\/santoslimaadv.com.br\/wp-content\/uploads\/2025\/07\/foto-recortada-de-um-homem-afro-americano-segurando-um-celular-em-uma-das-maos-e-um-cartao-de-credito-na-outra-768x512.jpg 768w, https:\/\/santoslimaadv.com.br\/wp-content\/uploads\/2025\/07\/foto-recortada-de-um-homem-afro-americano-segurando-um-celular-em-uma-das-maos-e-um-cartao-de-credito-na-outra-1536x1024.jpg 1536w, https:\/\/santoslimaadv.com.br\/wp-content\/uploads\/2025\/07\/foto-recortada-de-um-homem-afro-americano-segurando-um-celular-em-uma-das-maos-e-um-cartao-de-credito-na-outra-2048x1365.jpg 2048w, https:\/\/santoslimaadv.com.br\/wp-content\/uploads\/2025\/07\/foto-recortada-de-um-homem-afro-americano-segurando-um-celular-em-uma-das-maos-e-um-cartao-de-credito-na-outra-1568x1045.jpg 1568w\" sizes=\"(max-width: 2560px) 100vw, 2560px\" \/><\/figure><div class=\"elementor-image-box-content\"><h3 class=\"elementor-image-box-title\">Planejamento Previdenci\u00e1rio: Garanta uma Aposentadoria Segura e Sem Surpresas<\/h3><p class=\"elementor-image-box-description\">O planejamento previdenci\u00e1rio \u00e9 essencial para quem deseja se aposentar com tranquilidade. Com c\u00e1lculos e estrat\u00e9gias personalizadas, \u00e9 poss\u00edvel identificar o melhor momento e a modalidade de aposentadoria mais vantajosa, evitando perdas financeiras e assegurando estabilidade no futuro.<\/p><\/div><\/div>\t\t<\/div>\n\t\t\t\t<\/div>\n\t\t\t\t<div class=\"elementor-element elementor-element-9e29c48 elementor-align-center elementor-widget elementor-widget-button\" data-id=\"9e29c48\" data-element_type=\"widget\" data-widget_type=\"button.default\">\n\t\t\t\t<div class=\"elementor-widget-container\">\n\t\t\t\t\t\t\t<div class=\"elementor-button-wrapper\">\n\t\t\t\t\t<a class=\"elementor-button elementor-button-link elementor-size-sm\" href=\"https:\/\/santoslimaadv.com.br\/index.php\/elementor-1063\/\">\n\t\t\t\t\t\t<span class=\"elementor-button-content-wrapper\">\n\t\t\t\t\t\t<span class=\"elementor-button-icon\">\n\t\t\t\t<svg aria-hidden=\"true\" class=\"e-font-icon-svg e-fas-long-arrow-alt-right\" viewBox=\"0 0 448 512\" xmlns=\"http:\/\/www.w3.org\/2000\/svg\"><path d=\"M313.941 216H12c-6.627 0-12 5.373-12 12v56c0 6.627 5.373 12 12 12h301.941v46.059c0 21.382 25.851 32.09 40.971 16.971l86.059-86.059c9.373-9.373 9.373-24.569 0-33.941l-86.059-86.059c-15.119-15.119-40.971-4.411-40.971 16.971V216z\"><\/path><\/svg>\t\t\t<\/span>\n\t\t\t\t\t\t\t\t\t<span class=\"elementor-button-text\">Saiba mais<\/span>\n\t\t\t\t\t<\/span>\n\t\t\t\t\t<\/a>\n\t\t\t\t<\/div>\n\t\t\t\t\t\t<\/div>\n\t\t\t\t<\/div>\n\t\t\t\t<\/div>\n\t\t\t\t\t<\/div>\n\t\t\t\t<\/div>\n\t\t\t\t<div class=\"elementor-element elementor-element-216e203 elementor-align-center elementor-mobile-align-center elementor-widget elementor-widget-button\" data-id=\"216e203\" data-element_type=\"widget\" data-widget_type=\"button.default\">\n\t\t\t\t<div class=\"elementor-widget-container\">\n\t\t\t\t\t\t\t<div class=\"elementor-button-wrapper\">\n\t\t\t\t\t<a class=\"elementor-button elementor-button-link elementor-size-lg\" href=\"https:\/\/santoslimaadv.com.br\/index.php\/contato\/\">\n\t\t\t\t\t\t<span class=\"elementor-button-content-wrapper\">\n\t\t\t\t\t\t\t\t\t<span class=\"elementor-button-text\">ENTRE EM CONTATO CONOSCO<\/span>\n\t\t\t\t\t<\/span>\n\t\t\t\t\t<\/a>\n\t\t\t\t<\/div>\n\t\t\t\t\t\t<\/div>\n\t\t\t\t<\/div>\n\t\t\t\t<\/div>\n\t\t\t\t\t<\/div>\n\t\t\t\t<\/div>\n\t\t\t\t<\/div>\n\t\t","protected":false},"excerpt":{"rendered":"<p>\u00c1reas de Atua\u00e7\u00e3o Defenda Sua CNH e Evite Penalidades Excessivas Se voc\u00ea recebeu uma multa ou est\u00e1 prestes a perder pontos na CNH, saiba que existem meios legais de defesa. O acompanhamento jur\u00eddico adequado pode evitar a suspens\u00e3o ou cassa\u00e7\u00e3o do documento e garantir que seus direitos sejam respeitados no processo administrativo. Saiba mais Seus&hellip; <a class=\"more-link\" href=\"https:\/\/santoslimaadv.com.br\/index.php\/areas-de-atuacao\/\">Continuar lendo <span class=\"screen-reader-text\">\u00c1reas de Atua\u00e7\u00e3o<\/span><\/a><\/p>\n","protected":false},"author":3,"featured_media":0,"parent":0,"menu_order":0,"comment_status":"closed","ping_status":"closed","template":"elementor_header_footer","meta":{"footnotes":""},"class_list":["post-1052","page","type-page","status-publish","hentry","entry"],"_links":{"self":[{"href":"https:\/\/santoslimaadv.com.br\/index.php\/wp-json\/wp\/v2\/pages\/1052","targetHints":{"allow":["GET"]}}],"collection":[{"href":"https:\/\/santoslimaadv.com.br\/index.php\/wp-json\/wp\/v2\/pages"}],"about":[{"href":"https:\/\/santoslimaadv.com.br\/index.php\/wp-json\/wp\/v2\/types\/page"}],"author":[{"embeddable":true,"href":"https:\/\/santoslimaadv.com.br\/index.php\/wp-json\/wp\/v2\/users\/3"}],"replies":[{"embeddable":true,"href":"https:\/\/santoslimaadv.com.br\/index.php\/wp-json\/wp\/v2\/comments?post=1052"}],"version-history":[{"count":13,"href":"https:\/\/santoslimaadv.com.br\/index.php\/wp-json\/wp\/v2\/pages\/1052\/revisions"}],"predecessor-version":[{"id":1538,"href":"https:\/\/santoslimaadv.com.br\/index.php\/wp-json\/wp\/v2\/pages\/1052\/revisions\/1538"}],"wp:attachment":[{"href":"https:\/\/santoslimaadv.com.br\/index.php\/wp-json\/wp\/v2\/media?parent=1052"}],"curies":[{"name":"wp","href":"https:\/\/api.w.org\/{rel}","templated":true}]}}